{"id":9,"date":"2025-02-26T13:18:16","date_gmt":"2025-02-26T13:18:16","guid":{"rendered":"https:\/\/omsi.berilzorlu.com\/?page_id=9"},"modified":"2025-06-28T19:47:42","modified_gmt":"2025-06-28T19:47:42","slug":"ana-sayfa","status":"publish","type":"page","link":"https:\/\/sim.berilzorlu.com\/","title":{"rendered":"Ana Sayfa"},"content":{"rendered":"\t\t<div data-elementor-type=\"wp-page\" data-elementor-id=\"9\" class=\"elementor elementor-9\" data-elementor-post-type=\"page\">\n\t\t\t\t<div class=\"elementor-element elementor-element-3a13fa8 e-flex e-con-boxed e-con e-parent\" data-id=\"3a13fa8\" data-element_type=\"container\" data-settings=\"{&quot;background_background&quot;:&quot;video&quot;,&quot;background_video_link&quot;:&quot;https:\\\/\\\/www.youtube.com\\\/watch?v=S0LAmAZVrm8&quot;,&quot;background_video_start&quot;:30,&quot;background_play_on_mobile&quot;:&quot;yes&quot;,&quot;background_privacy_mode&quot;:&quot;yes&quot;}\">\n\t\t\t\t\t<div class=\"e-con-inner\">\n\t\t<div class=\"elementor-background-video-container\" aria-hidden=\"true\">\n\t\t\t\t\t\t\t<div class=\"elementor-background-video-embed\"><\/div>\n\t\t\t\t\t\t<\/div><div class=\"elementor-element elementor-element-5fea465 e-con-full e-flex e-con e-child\" data-id=\"5fea465\" data-element_type=\"container\" data-settings=\"{&quot;background_background&quot;:&quot;classic&quot;}\">\n\t\t\t\t<div class=\"elementor-element elementor-element-064fdce elementor-widget elementor-widget-heading\" data-id=\"064fdce\" data-element_type=\"widget\" data-widget_type=\"heading.default\">\n\t\t\t\t<div class=\"elementor-widget-container\">\n\t\t\t\t\t<h1 class=\"elementor-heading-title elementor-size-default\">Ho\u015f Geldiniz<\/h1>\t\t\t\t<\/div>\n\t\t\t\t<\/div>\n\t\t\t\t<\/div>\n\t\t\t\t\t<\/div>\n\t\t\t\t<\/div>\n\t\t<div class=\"elementor-element elementor-element-d36a403 e-flex e-con-boxed e-con e-parent\" data-id=\"d36a403\" data-element_type=\"container\" data-settings=\"{&quot;background_background&quot;:&quot;classic&quot;}\">\n\t\t\t\t\t<div class=\"e-con-inner\">\n\t\t<div class=\"elementor-element elementor-element-5657105 e-con-full e-flex e-con e-child\" data-id=\"5657105\" data-element_type=\"container\">\n\t\t\t\t<div class=\"elementor-element elementor-element-311769e elementor-position-top elementor-widget elementor-widget-image-box\" data-id=\"311769e\" data-element_type=\"widget\" data-widget_type=\"image-box.default\">\n\t\t\t\t<div class=\"elementor-widget-container\">\n\t\t\t\t\t<div class=\"elementor-image-box-wrapper\"><figure class=\"elementor-image-box-img\"><img fetchpriority=\"high\" decoding=\"async\" width=\"616\" height=\"353\" src=\"https:\/\/sim.berilzorlu.com\/wp-content\/uploads\/2025\/06\/omsi2.jpg\" class=\"attachment-full size-full wp-image-108\" alt=\"\" srcset=\"https:\/\/sim.berilzorlu.com\/wp-content\/uploads\/2025\/06\/omsi2.jpg 616w, https:\/\/sim.berilzorlu.com\/wp-content\/uploads\/2025\/06\/omsi2-300x172.jpg 300w\" sizes=\"(max-width: 616px) 100vw, 616px\" \/><\/figure><div class=\"elementor-image-box-content\"><h3 class=\"elementor-image-box-title\">OMSI2 - Ger\u00e7ek Otob\u00fcs Deneyimi<\/h3><p class=\"elementor-image-box-description\">OMSI2, ger\u00e7ek \u015fehir otob\u00fcslerini kullanabilece\u011finiz detayl\u0131 bir sim\u00fclasyon oyunudur.\nBeril\u2019in \u0130zula\u015f, \u0130ETT ve Budape\u015fte otob\u00fcsleri i\u00e7in yapt\u0131\u011f\u0131 \u00f6zel modlar burada!<\/p><\/div><\/div>\t\t\t\t<\/div>\n\t\t\t\t<\/div>\n\t\t\t\t<div class=\"elementor-element elementor-element-93a3f48 elementor-align-center elementor-widget elementor-widget-button\" data-id=\"93a3f48\" data-element_type=\"widget\" data-widget_type=\"button.default\">\n\t\t\t\t<div class=\"elementor-widget-container\">\n\t\t\t\t\t\t\t\t\t<div class=\"elementor-button-wrapper\">\n\t\t\t\t\t<a class=\"elementor-button elementor-button-link elementor-size-sm\" href=\"#\">\n\t\t\t\t\t\t<span class=\"elementor-button-content-wrapper\">\n\t\t\t\t\t\t\t\t\t<span class=\"elementor-button-text\">Modlar\u0131 G\u00f6r<\/span>\n\t\t\t\t\t<\/span>\n\t\t\t\t\t<\/a>\n\t\t\t\t<\/div>\n\t\t\t\t\t\t\t\t<\/div>\n\t\t\t\t<\/div>\n\t\t\t\t<\/div>\n\t\t<div class=\"elementor-element elementor-element-18e382b e-con-full e-flex e-con e-child\" data-id=\"18e382b\" data-element_type=\"container\">\n\t\t\t\t<div class=\"elementor-element elementor-element-de322c0 elementor-position-top elementor-widget elementor-widget-image-box\" data-id=\"de322c0\" data-element_type=\"widget\" data-widget_type=\"image-box.default\">\n\t\t\t\t<div class=\"elementor-widget-container\">\n\t\t\t\t\t<div class=\"elementor-image-box-wrapper\"><figure class=\"elementor-image-box-img\"><img decoding=\"async\" width=\"460\" height=\"215\" src=\"https:\/\/sim.berilzorlu.com\/wp-content\/uploads\/2025\/06\/coaches.jpg\" class=\"attachment-full size-full wp-image-107\" alt=\"\" srcset=\"https:\/\/sim.berilzorlu.com\/wp-content\/uploads\/2025\/06\/coaches.jpg 460w, https:\/\/sim.berilzorlu.com\/wp-content\/uploads\/2025\/06\/coaches-300x140.jpg 300w\" sizes=\"(max-width: 460px) 100vw, 460px\" \/><\/figure><div class=\"elementor-image-box-content\"><h3 class=\"elementor-image-box-title\">ETS2 - Avrupa Yollar\u0131nda TIR S\u00fcr<\/h3><p class=\"elementor-image-box-description\">ETS2, uzun yollarda TIR s\u00fcrme deneyimi sunan bir kamyon sim\u00fclasyonudur.\nBeril, kamyonlar ve \u00f6zel yollar i\u00e7eren kendi modlar\u0131n\u0131 geli\u015ftiriyor. Coaches geli\u015ftirmesini heyecanla bekliyoruz. <\/p><\/div><\/div>\t\t\t\t<\/div>\n\t\t\t\t<\/div>\n\t\t\t\t<div class=\"elementor-element elementor-element-ade8ea3 elementor-align-center elementor-widget elementor-widget-button\" data-id=\"ade8ea3\" data-element_type=\"widget\" data-widget_type=\"button.default\">\n\t\t\t\t<div class=\"elementor-widget-container\">\n\t\t\t\t\t\t\t\t\t<div class=\"elementor-button-wrapper\">\n\t\t\t\t\t<a class=\"elementor-button elementor-button-link elementor-size-sm\" href=\"#\">\n\t\t\t\t\t\t<span class=\"elementor-button-content-wrapper\">\n\t\t\t\t\t\t\t\t\t<span class=\"elementor-button-text\">Modlar\u0131 G\u00f6r<\/span>\n\t\t\t\t\t<\/span>\n\t\t\t\t\t<\/a>\n\t\t\t\t<\/div>\n\t\t\t\t\t\t\t\t<\/div>\n\t\t\t\t<\/div>\n\t\t\t\t<\/div>\n\t\t\t\t\t<\/div>\n\t\t\t\t<\/div>\n\t\t<div class=\"elementor-element elementor-element-ab821dd e-flex e-con-boxed e-con e-parent\" data-id=\"ab821dd\" data-element_type=\"container\" id=\"Nesneler\">\n\t\t\t\t\t<div class=\"e-con-inner\">\n\t\t\t\t<div class=\"elementor-element elementor-element-d80a88d elementor-widget elementor-widget-wpdmcategory\" data-id=\"d80a88d\" data-element_type=\"widget\" data-widget_type=\"wpdmcategory.default\">\n\t\t\t\t<div class=\"elementor-widget-container\">\n\t\t\t\t\t<div class='w3eden'>\n    <div class=''>\n\n        <form method=\"get\" class=\"\" data-container=\"#content_wpdm_package_1\" id=\"sc_form_wpdm_package_1\" style=\"margin-bottom: 15px\">\n                <div class=\"panel panel-default card category-panel wpdm-shortcode-toolbar\">\n                <div class=\"panel-body card-body\">\n                    <div class=\"media\">\n                        <div class=\"mr-3\">\n                                                    <\/div>\n                        <div class=\"media-body\">\n                            <h3 style=\"margin: 0\">Otob\u00fcsler<\/h3>\n                                                    <\/div>\n                    <\/div>\n                <\/div>\n                <div class=\"panel-footer card-footer\">\n                    <div class=\"row\">\n                        <div class=\"col-lg-6 col-md-12\">\n                            <input type=\"text\" name=\"skw\" value=\"\" placeholder=\"Search Keyword...\" class=\"form-control\" \/>\n                        <\/div>\n                        <div class=\"col-lg-2 col-md-4\">\n                            <select name=\"orderby\" class=\"wpdm-custom-select custom-select\">\n                                <option value=\"date\" disabled=\"disabled\">Order By:<\/option>\n                                <option value=\"date\" >Publish Date<\/option>\n                                <option value=\"title\" >Title<\/option>\n                                <option value=\"update_date\" >Update Date<\/option>\n                                <option value=\"download_count\" >Downloads<\/option>\n                                <option value=\"view_count\" >Views<\/option>\n                            <\/select>\n                        <\/div>\n                        <div class=\"col-lg-2 col-md-4\">\n                            <select name=\"order\" class=\"wpdm-custom-select custom-select\">\n                                <option value=\"desc\" disabled=\"disabled\">Order:<\/option>\n                                <option value=\"desc\" >Descending<\/option>\n                                <option value=\"asc\" >Ascending<\/option>\n                            <\/select>\n                        <\/div>\n                        <div class=\"col-lg-2 col-md-4\">\n                            <button type=\"submit\" class=\"btn btn-info btn-block\">Apply Filter<\/button>\n                        <\/div>\n                    <\/div>\n\n                <\/div>\n            <\/div>\n            <\/form>\n<div class=\"spacer mb-3 d-block clearfix\"><\/div>\n\n        <div id=\"content_wpdm_package_1\">\n            <div class='row'><div class='col-lg-4 col-md-6 col-12'><!-- WPDM Link Template: Default Template -->\n\n<div class=\"link-template-default card mb-2\">\n    <div class=\"card-body\">\n        <div class=\"media\">\n            <div class=\"mr-3 img-48\"><img decoding=\"async\" class=\"wpdm_icon\" alt=\"Icon\" src=\"data:image\/svg+xml;base64,CiAgICAgICAgICAgIDxzdmcgeG1sbnM9Imh0dHA6Ly93d3cudzMub3JnLzIwMDAvc3ZnIiB2aWV3Qm94PSIwIDAgNDAgNDAiPgogICAgICAgICAgICAgICAgPGRlZnM+CiAgICAgICAgICAgICAgICAgICAgPGxpbmVhckdyYWRpZW50IGlkPSJncmFkaWVudCIgeDE9IjAiIHkxPSIwIiB4Mj0iMCIgeTI9IjEiPgogICAgICAgICAgICAgICAgICAgICAgICA8c3RvcCBzdG9wLWNvbG9yPSIjMjY5ZGVmIiBvZmZzZXQ9IjAiLz4KICAgICAgICAgICAgICAgICAgICAgICAgPHN0b3Agc3RvcC1jb2xvcj0iIzI2YmRlZiIgb2Zmc2V0PSIxIi8+CiAgICAgICAgICAgICAgICAgICAgPC9saW5lYXJHcmFkaWVudD4KICAgICAgICAgICAgICAgIDwvZGVmcz4KICAgICAgICAgICAgICAgIDxnPgogICAgICAgICAgICAgICAgICAgIDxyZWN0IGZpbGw9InVybCgjZ3JhZGllbnQpIiB4PSIwIiB5PSIwIiB3aWR0aD0iNDAiIGhlaWdodD0iNDAiIHJ4PSIzIiByeT0iMyIvPgogICAgICAgICAgICAgICAgICAgIDx0ZXh0IHg9IjUiIHk9IjE5IiBmb250LWZhbWlseT0iQXJpYWwsIEhlbHZldGljYSwgc2Fucy1zZXJpZiIgZm9udC1zaXplPSIxM3B4IiBsZXR0ZXItc3BhY2luZz0iMSIgZmlsbD0iI0ZGRkZGRiI+CiAgICAgICAgICAgICAgICAgICAgICAgIDx0c3Bhbj48L3RzcGFuPgogICAgICAgICAgICAgICAgICAgICAgICA8dHNwYW4geD0iNiIgeT0iMjgiPl88L3RzcGFuPgogICAgICAgICAgICAgICAgICAgIDwvdGV4dD4KICAgICAgICAgICAgICAgIDwvZz4KICAgICAgICAgICAgPC9zdmc+CgoJCQk=\" \/><\/div>\n            <div class=\"media-body\">\n                <h3 class=\"package-title\"><a href='https:\/\/sim.berilzorlu.com\/index.php\/download\/mercedes-o305\/'>Mercedes O305<\/a><\/h3>\n                <div class=\"text-muted text-small\"><i class=\"fas fa-copy\"><\/i> 1 file(s) <i class=\"fas fa-hdd ml-3\"><\/i> 0.07 KB<\/div>\n            <\/div>\n            <div class=\"ml-3\">\n                <a class='wpdm-download-link download-on-click btn btn-primary ' rel='nofollow' href='#' data-downloadurl=\"https:\/\/sim.berilzorlu.com\/index.php\/download\/mercedes-o305\/?wpdmdl=112&refresh=6a08d662c06501778964066\">Download<\/a>\n            <\/div>\n        <\/div>\n    <\/div>\n<\/div>\n\n<\/div><div class='col-lg-4 col-md-6 col-12'><!-- WPDM Link Template: Default Template -->\n\n<div class=\"link-template-default card mb-2\">\n    <div class=\"card-body\">\n        <div class=\"media\">\n            <div class=\"mr-3 img-48\"><img decoding=\"async\" class=\"wpdm_icon\" alt=\"Icon\" src=\"https:\/\/sim.berilzorlu.com\/wp-content\/plugins\/download-manager\/assets\/file-type-icons\/zip.svg\" \/><\/div>\n            <div class=\"media-body\">\n                <h3 class=\"package-title\"><a href='https:\/\/sim.berilzorlu.com\/index.php\/download\/omsi-2-add-on-citybus-o530-facelift\/'>OMSI 2 Add-on Citybus o530 Facelift \u0130zmir\/\u00c7anakkale Kaplamalar\u0131<\/a><\/h3>\n                <div class=\"text-muted text-small\"><i class=\"fas fa-copy\"><\/i> 1 file(s) <i class=\"fas fa-hdd ml-3\"><\/i> 6.04 MB<\/div>\n            <\/div>\n            <div class=\"ml-3\">\n                <a class='wpdm-download-link download-on-click btn btn-primary ' rel='nofollow' href='#' data-downloadurl=\"https:\/\/sim.berilzorlu.com\/index.php\/download\/omsi-2-add-on-citybus-o530-facelift\/?wpdmdl=90&refresh=6a08d662c1e701778964066\">Download<\/a>\n            <\/div>\n        <\/div>\n    <\/div>\n<\/div>\n\n<\/div><\/div>            <div style='clear:both'><\/div><div class='text-center'><ul class='pagination wpdm-pagination pagination-centered text-center'><\/ul><\/div><div style='clear:both'><\/div>        <\/div>\n\n        <div style='clear:both'><\/div>\n    <\/div>\n<\/div>\n\t\t\t\t<\/div>\n\t\t\t\t<\/div>\n\t\t\t\t\t<\/div>\n\t\t\t\t<\/div>\n\t\t<div class=\"elementor-element elementor-element-df3e333 e-flex e-con-boxed e-con e-parent\" data-id=\"df3e333\" data-element_type=\"container\" id=\"Haritalar\">\n\t\t\t\t\t<div class=\"e-con-inner\">\n\t\t\t\t<div class=\"elementor-element elementor-element-a2bd354 elementor-widget elementor-widget-wpdmcategory\" data-id=\"a2bd354\" data-element_type=\"widget\" data-widget_type=\"wpdmcategory.default\">\n\t\t\t\t<div class=\"elementor-widget-container\">\n\t\t\t\t\t<div class='w3eden'>\n    <div class=''>\n\n        <form method=\"get\" class=\"\" data-container=\"#content_wpdm_package_2\" id=\"sc_form_wpdm_package_2\" style=\"margin-bottom: 15px\">\n                <div class=\"panel panel-default card category-panel wpdm-shortcode-toolbar\">\n                <div class=\"panel-body card-body\">\n                    <div class=\"media\">\n                        <div class=\"mr-3\">\n                                                    <\/div>\n                        <div class=\"media-body\">\n                            <h3 style=\"margin: 0\">Haritalar<\/h3>\n                                                    <\/div>\n                    <\/div>\n                <\/div>\n                <div class=\"panel-footer card-footer\">\n                    <div class=\"row\">\n                        <div class=\"col-lg-6 col-md-12\">\n                            <input type=\"text\" name=\"skw\" value=\"\" placeholder=\"Search Keyword...\" class=\"form-control\" \/>\n                        <\/div>\n                        <div class=\"col-lg-2 col-md-4\">\n                            <select name=\"orderby\" class=\"wpdm-custom-select custom-select\">\n                                <option value=\"date\" disabled=\"disabled\">Order By:<\/option>\n                                <option value=\"date\" >Publish Date<\/option>\n                                <option value=\"title\" >Title<\/option>\n                                <option value=\"update_date\" >Update Date<\/option>\n                                <option value=\"download_count\" >Downloads<\/option>\n                                <option value=\"view_count\" >Views<\/option>\n                            <\/select>\n                        <\/div>\n                        <div class=\"col-lg-2 col-md-4\">\n                            <select name=\"order\" class=\"wpdm-custom-select custom-select\">\n                                <option value=\"desc\" disabled=\"disabled\">Order:<\/option>\n                                <option value=\"desc\" >Descending<\/option>\n                                <option value=\"asc\" >Ascending<\/option>\n                            <\/select>\n                        <\/div>\n                        <div class=\"col-lg-2 col-md-4\">\n                            <button type=\"submit\" class=\"btn btn-info btn-block\">Apply Filter<\/button>\n                        <\/div>\n                    <\/div>\n\n                <\/div>\n            <\/div>\n            <\/form>\n<div class=\"spacer mb-3 d-block clearfix\"><\/div>\n\n        <div id=\"content_wpdm_package_2\">\n            <div class='row'><div class='col-lg-4 col-md-6 col-12'><!-- WPDM Link Template: Default Template -->\n\n<div class=\"link-template-default card mb-2\">\n    <div class=\"card-body\">\n        <div class=\"media\">\n            <div class=\"mr-3 img-48\"><img decoding=\"async\" class=\"wpdm_icon\" alt=\"Icon\" src=\"data:image\/svg+xml;base64,CiAgICAgICAgICAgIDxzdmcgeG1sbnM9Imh0dHA6Ly93d3cudzMub3JnLzIwMDAvc3ZnIiB2aWV3Qm94PSIwIDAgNDAgNDAiPgogICAgICAgICAgICAgICAgPGRlZnM+CiAgICAgICAgICAgICAgICAgICAgPGxpbmVhckdyYWRpZW50IGlkPSJncmFkaWVudCIgeDE9IjAiIHkxPSIwIiB4Mj0iMCIgeTI9IjEiPgogICAgICAgICAgICAgICAgICAgICAgICA8c3RvcCBzdG9wLWNvbG9yPSIjMjY5ZGVmIiBvZmZzZXQ9IjAiLz4KICAgICAgICAgICAgICAgICAgICAgICAgPHN0b3Agc3RvcC1jb2xvcj0iIzI2YmRlZiIgb2Zmc2V0PSIxIi8+CiAgICAgICAgICAgICAgICAgICAgPC9saW5lYXJHcmFkaWVudD4KICAgICAgICAgICAgICAgIDwvZGVmcz4KICAgICAgICAgICAgICAgIDxnPgogICAgICAgICAgICAgICAgICAgIDxyZWN0IGZpbGw9InVybCgjZ3JhZGllbnQpIiB4PSIwIiB5PSIwIiB3aWR0aD0iNDAiIGhlaWdodD0iNDAiIHJ4PSIzIiByeT0iMyIvPgogICAgICAgICAgICAgICAgICAgIDx0ZXh0IHg9IjUiIHk9IjE5IiBmb250LWZhbWlseT0iQXJpYWwsIEhlbHZldGljYSwgc2Fucy1zZXJpZiIgZm9udC1zaXplPSIxM3B4IiBsZXR0ZXItc3BhY2luZz0iMSIgZmlsbD0iI0ZGRkZGRiI+CiAgICAgICAgICAgICAgICAgICAgICAgIDx0c3Bhbj48L3RzcGFuPgogICAgICAgICAgICAgICAgICAgICAgICA8dHNwYW4geD0iNiIgeT0iMjgiPl88L3RzcGFuPgogICAgICAgICAgICAgICAgICAgIDwvdGV4dD4KICAgICAgICAgICAgICAgIDwvZz4KICAgICAgICAgICAgPC9zdmc+CgoJCQk=\" \/><\/div>\n            <div class=\"media-body\">\n                <h3 class=\"package-title\"><a href='https:\/\/sim.berilzorlu.com\/index.php\/download\/canakkale\/'>\u00c7anakkale<\/a><\/h3>\n                <div class=\"text-muted text-small\"><i class=\"fas fa-copy\"><\/i> 1 file(s) <i class=\"fas fa-hdd ml-3\"><\/i> 0.04 KB<\/div>\n            <\/div>\n            <div class=\"ml-3\">\n                <a class='wpdm-download-link download-on-click btn btn-primary ' rel='nofollow' href='#' data-downloadurl=\"https:\/\/sim.berilzorlu.com\/index.php\/download\/canakkale\/?wpdmdl=52&refresh=6a08d662c3b0f1778964066\">Download<\/a>\n            <\/div>\n        <\/div>\n    <\/div>\n<\/div>\n\n<\/div><\/div>                    <\/div>\n\n        <div style='clear:both'><\/div>\n    <\/div>\n<\/div>\n\t\t\t\t<\/div>\n\t\t\t\t<\/div>\n\t\t\t\t\t<\/div>\n\t\t\t\t<\/div>\n\t\t\t\t<\/div>\n\t\t","protected":false},"excerpt":{"rendered":"<p>Ho\u015f Geldiniz OMSI2 &#8211; Ger\u00e7ek Otob\u00fcs Deneyimi OMSI2, ger\u00e7ek \u015fehir otob\u00fcslerini kullanabilece\u011finiz detayl\u0131 bir sim\u00fclasyon oyunudur. Beril\u2019in \u0130zula\u015f, \u0130ETT ve Budape\u015fte otob\u00fcsleri i\u00e7in yapt\u0131\u011f\u0131 \u00f6zel modlar burada! Modlar\u0131 G\u00f6r ETS2 &#8211; Avrupa Yollar\u0131nda TIR S\u00fcr ETS2, uzun yollarda TIR s\u00fcrme deneyimi sunan bir kamyon sim\u00fclasyonudur. Beril, kamyonlar ve \u00f6zel yollar i\u00e7eren kendi modlar\u0131n\u0131 geli\u015ftiriyor. Coaches [&hellip;]<\/p>\n","protected":false},"author":1,"featured_media":0,"parent":0,"menu_order":0,"comment_status":"closed","ping_status":"closed","template":"elementor_header_footer","meta":{"footnotes":""},"class_list":["post-9","page","type-page","status-publish","hentry"],"_links":{"self":[{"href":"https:\/\/sim.berilzorlu.com\/index.php\/wp-json\/wp\/v2\/pages\/9","targetHints":{"allow":["GET"]}}],"collection":[{"href":"https:\/\/sim.berilzorlu.com\/index.php\/wp-json\/wp\/v2\/pages"}],"about":[{"href":"https:\/\/sim.berilzorlu.com\/index.php\/wp-json\/wp\/v2\/types\/page"}],"author":[{"embeddable":true,"href":"https:\/\/sim.berilzorlu.com\/index.php\/wp-json\/wp\/v2\/users\/1"}],"replies":[{"embeddable":true,"href":"https:\/\/sim.berilzorlu.com\/index.php\/wp-json\/wp\/v2\/comments?post=9"}],"version-history":[{"count":40,"href":"https:\/\/sim.berilzorlu.com\/index.php\/wp-json\/wp\/v2\/pages\/9\/revisions"}],"predecessor-version":[{"id":111,"href":"https:\/\/sim.berilzorlu.com\/index.php\/wp-json\/wp\/v2\/pages\/9\/revisions\/111"}],"wp:attachment":[{"href":"https:\/\/sim.berilzorlu.com\/index.php\/wp-json\/wp\/v2\/media?parent=9"}],"curies":[{"name":"wp","href":"https:\/\/api.w.org\/{rel}","templated":true}]}}